{"id":7480,"date":"2020-12-15T09:48:25","date_gmt":"2020-12-15T08:48:25","guid":{"rendered":"https:\/\/yachtcentershop.com\/prodajna-mjesta\/"},"modified":"2025-09-26T12:09:55","modified_gmt":"2025-09-26T10:09:55","slug":"where-to-buy","status":"publish","type":"page","link":"https:\/\/yachtcentershop.com\/en\/where-to-buy\/","title":{"rendered":"Where to buy"},"content":{"rendered":"<div class=\"wpb-content-wrapper\"><p>[vc_row][vc_column width=&#8221;1\/2&#8243; el_class=&#8221;glavnistupac&#8221;][vc_raw_html css=&#8221;&#8221;]JTVCYWNmX3Byb2Rham5hX21qZXN0YSUyMHBhZ2VfaWQlM0QlMjIzOTQ0JTIyJTVE[\/vc_raw_html][\/vc_column][vc_column width=&#8221;1\/2&#8243; el_class=&#8221;cz_sticky_col&#8221;][vc_column_text css=&#8221;&#8221;]<\/p>\n<div style=\"height: 600px; width: 100%; border: 0px solid #eee; display: inline-block; overflow: hidden;\"><iframe loading=\"lazy\" style=\"border: 0; margin-top: -150px;\" src=\"https:\/\/www.google.com\/maps\/d\/u\/0\/embed?mid=1B8ufopEfUml-Qt2YHo6wLIhlVwhDxSA&amp;z=7&amp;ehbc=2E312F\" width=\"780\" height=\"900\"><span data-mce-type=\"bookmark\" style=\"display: inline-block; width: 0px; overflow: hidden; line-height: 0;\" class=\"mce_SELRES_start\">\ufeff<\/span><\/iframe><\/div>\n<p>[\/vc_column_text][\/vc_column][\/vc_row][vc_row disable_element=&#8221;yes&#8221;][vc_column][vc_column_text css=&#8221;&#8221;]<\/p>\n<h3>Istramarine d.o.o.<\/h3>\n<p>Pula<\/p>\n<p><!-- header -->Vernalska 4<br \/>\n52 100 Pula<br \/>\nT: 052 501 231<br \/>\nE: <a href=\"https:\/\/www.istramarine.com\/contact\/#\">info@istramarine.com<\/a><\/p>\n<p><!-- description --><!-- porto-sicon-box --><\/p>\n<h3>Spectrum<\/h3>\n<p>Zadar<\/p>\n<p><!-- header -->Svete Marije 12, Stanovi,<br \/>\n23000 Zadar<br \/>\nTel: 023\/315-669<br \/>\nTel: 023\/241-293<br \/>\n<a href=\"mailto:info@spectrum-zadar.hr\">nfo@spectrum-zadar.hr<\/a><\/p>\n<p><!-- description --><!-- porto-sicon-box --><\/p>\n<h3>M.A.G.-D.D. d.o.o.<\/h3>\n<p>\u0160ibenik<\/p>\n<p><!-- header -->Obala Jerka \u0160i\u017egori\u0107a 2a<br \/>\nTel: +385 22 337 177<br \/>\nE: <a href=\"mailto:dariomisura@magdd.hr\">dariomisura@magdd.hr<\/a><\/p>\n<p><!-- description --><!-- porto-sicon-box --><\/p>\n<h3>SINE-TRADE d.o.o<\/h3>\n<p>\u0160ibenik<\/p>\n<p><!-- header -->Adresa: Frana Supila 3<br \/>\n22000 \u0160ibenik<br \/>\nT: 022 331576<\/p>\n<p><!-- description --><!-- porto-sicon-box --><\/p>\n<h3>Alesta<\/h3>\n<p>Osijek<\/p>\n<p><!-- header -->31 000 Osijek<br \/>\nGornjodravska obala 91c<br \/>\nTel: 031\/325-928<br \/>\n<a href=\"mailto:allesta@allesta.hr\">allesta@allesta.hr<\/a><\/p>\n<p><!-- description --><!-- porto-sicon-box --><\/p>\n<h3>Profiplan d.o.o.<\/h3>\n<p>Dubrovnik<\/p>\n<p><!-- header -->Vukovarska 24,<br \/>\ntel: 020\/311- 517,311- 518<br \/>\nfax: 020\/311- 519<br \/>\n<a href=\"mailto:profi-plan@du.t-com-hr\">profi-plan@du.t-com-hr<\/a><\/p>\n<p><!-- description --><!-- porto-sicon-box --><\/p>\n<h3>Marina Commerce<\/h3>\n<p>Punat<\/p>\n<p><!-- header -->Puntica 7, 51 512 Punat<\/p>\n<p>Tel.051 654 303<\/p>\n<p>E: <a href=\"mailto:commerce@marina-commerce.hr\">commerce@marina-commerce.hr<\/a><\/p>\n<p><!-- description --><!-- porto-sicon-box --><\/p>\n<h3>Una d.o.o<\/h3>\n<p>Kotor &#8211; Crna Gora<\/p>\n<p><!-- header -->Radanovi\u0107i bb<\/p>\n<p>T. + 382 67 638 321<\/p>\n<p>E. <a href=\"mailto:info@una.me\">info@una.me<\/a><\/p>\n<p><!-- description --><!-- porto-sicon-box --><\/p>\n<h3>Bauhaus<\/h3>\n<p>Zadar<\/p>\n<p><!-- header -->Ul. Akcije Maslenica,<br \/>\n23000, Zadar<br \/>\nTelefon:023 233 900<\/p>\n<p><!-- description --><!-- porto-sicon-box --><\/p>\n<h3>Bauhaus<\/h3>\n<p>Split<\/p>\n<p><!-- header -->Put Mostina 10<br \/>\nT: 21-440-800<br \/>\nF:21-440-817<\/p>\n<p><!-- description --><!-- porto-sicon-box --><\/p>\n<h3>BCM MORE<\/h3>\n<p>Bijela &#8211; Crna Gora<\/p>\n<p><!-- header -->Druga bijeljanska 8b,<br \/>\n85343 Bijela, Montenegro<br \/>\nT. +382 (0) 31 30 46 96<br \/>\nE. <a href=\"mailto:info@moresea.me\">info@moresea.me<\/a><\/p>\n<p><!-- description --><!-- porto-sicon-box --><\/p>\n<h3>Bauhaus<\/h3>\n<p>Rijeka-Kukuljanovo<\/p>\n<p><!-- header -->Industrijska zona Kukuljanovo<br \/>\nTelefon: 051 \/ 440 500<\/p>\n<p><!-- description --><!-- porto-sicon-box --><br \/>\n<!-- description --><!-- porto-sicon-box --><\/p>\n<h3>Bauhaus<\/h3>\n<p>Pula<\/p>\n<p><!-- header -->Labinska ul. 1,<br \/>\n52100, Pula<br \/>\nTelefon: 052 495 400<\/p>\n<p><!-- description --><!-- porto-sicon-box --><\/p>\n<h3>Bauhaus<\/h3>\n<p>Zagreb<\/p>\n<p><!-- header -->Buzinski Kr\u010di 2, 10010 Zagreb<\/p>\n<p>+385 1 5512-000<br \/>\n0800 024021 (besplatna linija za RH)<br \/>\n<a href=\"mailto:info.nl957@bauhaus.hr\">info.nl957@bauhaus.hr<\/a><\/p>\n<h3><strong><span style=\"font-size: 14px;\">Tramontana Line d.o.o.<\/span><\/strong><\/h3>\n<p>Tesovnikova 88,<br \/>\n1000 Ljubljana<br \/>\n<strong>t:<\/strong>\u00a0(01) 568 3732<br \/>\n<strong>e:<\/strong>\u00a0<a href=\"mailto:info@tramontana-net.si\">info@tramontana-net.si<\/a><\/p>\n<p><!-- description --><!-- porto-sicon-box -->[\/vc_column_text][vc_column_text css=&#8221;&#8221;]<\/p>\n<h5>Imate li dotatnih pitanja? Za vi\u0161e informacija o na\u0161im proizvodima i uslugama, kontaktirajte nas.<\/h5>\n<p><a href=\"https:\/\/www.solutionx.info\/yacht\/kontakt\/\"><br \/>\nKontakt<br \/>\n<\/a><\/p>\n<p>Lorem ipsum dolor sit amet, consectetur adipiscing elit. Ut elit tellus, luctus nec ullamcorper mattis, pulvinar dapibus leo.[\/vc_column_text][\/vc_column][\/vc_row]<\/p>\n<\/div>","protected":false},"excerpt":{"rendered":"<p>[vc_row][vc_column width=&#8221;1\/2&#8243; el_class=&#8221;glavnistupac&#8221;][vc_raw_html css=&#8221;&#8221;]JTVCYWNmX3Byb2Rham5hX21qZXN0YSUyMHBhZ2VfaWQlM0QlMjIzOTQ0JTIyJTVE[\/vc_raw_html][\/vc_column][vc_column width=&#8221;1\/2&#8243; el_class=&#8221;cz_sticky_col&#8221;][vc_column_text css=&#8221;&#8221;] \ufeff [\/vc_column_text][\/vc_column][\/vc_row][vc_row disable_element=&#8221;yes&#8221;][vc_column][vc_column_text css=&#8221;&#8221;] &#8230; <\/p>\n","protected":false},"author":1,"featured_media":0,"parent":0,"menu_order":0,"comment_status":"closed","ping_status":"closed","template":"","meta":{"_seopress_robots_primary_cat":"","_seopress_titles_title":"","_seopress_titles_desc":"","_seopress_robots_index":"","footnotes":""},"class_list":["post-7480","page","type-page","status-publish","hentry"],"acf":[],"_links":{"self":[{"href":"https:\/\/yachtcentershop.com\/en\/wp-json\/wp\/v2\/pages\/7480","targetHints":{"allow":["GET"]}}],"collection":[{"href":"https:\/\/yachtcentershop.com\/en\/wp-json\/wp\/v2\/pages"}],"about":[{"href":"https:\/\/yachtcentershop.com\/en\/wp-json\/wp\/v2\/types\/page"}],"author":[{"embeddable":true,"href":"https:\/\/yachtcentershop.com\/en\/wp-json\/wp\/v2\/users\/1"}],"replies":[{"embeddable":true,"href":"https:\/\/yachtcentershop.com\/en\/wp-json\/wp\/v2\/comments?post=7480"}],"version-history":[{"count":3,"href":"https:\/\/yachtcentershop.com\/en\/wp-json\/wp\/v2\/pages\/7480\/revisions"}],"predecessor-version":[{"id":10853,"href":"https:\/\/yachtcentershop.com\/en\/wp-json\/wp\/v2\/pages\/7480\/revisions\/10853"}],"wp:attachment":[{"href":"https:\/\/yachtcentershop.com\/en\/wp-json\/wp\/v2\/media?parent=7480"}],"curies":[{"name":"wp","href":"https:\/\/api.w.org\/{rel}","templated":true}]}}