{"id":10113,"date":"2024-07-11T09:12:03","date_gmt":"2024-07-11T07:12:03","guid":{"rendered":"https:\/\/yachtcentershop.com\/proizvod\/spuzva\/"},"modified":"2024-07-11T09:12:03","modified_gmt":"2024-07-11T07:12:03","slug":"spuzva","status":"publish","type":"product","link":"https:\/\/yachtcentershop.com\/en\/proizvod\/spuzva\/","title":{"rendered":"Spu\u017eva<span class=\"codevz-product-category-after-title\">Star Brite<\/span>"},"content":{"rendered":"","protected":false},"excerpt":{"rendered":"<ul>\n<li>spu\u017eva u obliku kosti, laka za rukovanje<\/li>\n<li>odli\u010dna za sve vrste \u010di\u0161\u0107enja<\/li>\n<\/ul>\n<p> &#8230; <\/p>\n","protected":false},"featured_media":10112,"comment_status":"closed","ping_status":"closed","template":"","meta":{"_seopress_robots_primary_cat":"none","_seopress_titles_title":"","_seopress_titles_desc":"","_seopress_robots_index":""},"product_brand":[],"product_cat":[858],"product_tag":[],"class_list":{"0":"post-10113","1":"product","2":"type-product","3":"status-publish","4":"has-post-thumbnail","6":"product_cat-star-brite-en-2","8":"first","9":"instock","10":"taxable","11":"shipping-taxable","12":"purchasable","13":"product-type-simple"},"acf":[],"_links":{"self":[{"href":"https:\/\/yachtcentershop.com\/en\/wp-json\/wp\/v2\/product\/10113","targetHints":{"allow":["GET"]}}],"collection":[{"href":"https:\/\/yachtcentershop.com\/en\/wp-json\/wp\/v2\/product"}],"about":[{"href":"https:\/\/yachtcentershop.com\/en\/wp-json\/wp\/v2\/types\/product"}],"replies":[{"embeddable":true,"href":"https:\/\/yachtcentershop.com\/en\/wp-json\/wp\/v2\/comments?post=10113"}],"wp:featuredmedia":[{"embeddable":true,"href":"https:\/\/yachtcentershop.com\/en\/wp-json\/wp\/v2\/media\/10112"}],"wp:attachment":[{"href":"https:\/\/yachtcentershop.com\/en\/wp-json\/wp\/v2\/media?parent=10113"}],"wp:term":[{"taxonomy":"product_brand","embeddable":true,"href":"https:\/\/yachtcentershop.com\/en\/wp-json\/wp\/v2\/product_brand?post=10113"},{"taxonomy":"product_cat","embeddable":true,"href":"https:\/\/yachtcentershop.com\/en\/wp-json\/wp\/v2\/product_cat?post=10113"},{"taxonomy":"product_tag","embeddable":true,"href":"https:\/\/yachtcentershop.com\/en\/wp-json\/wp\/v2\/product_tag?post=10113"}],"curies":[{"name":"wp","href":"https:\/\/api.w.org\/{rel}","templated":true}]}}