{"id":10196,"date":"2024-11-28T13:05:15","date_gmt":"2024-11-28T12:05:15","guid":{"rendered":"https:\/\/yachtcentershop.com\/proizvod\/tds-composite-sealer-095-l\/"},"modified":"2025-09-01T00:05:35","modified_gmt":"2025-08-31T22:05:35","slug":"tds-composite-sealer-095-l","status":"publish","type":"product","link":"https:\/\/yachtcentershop.com\/en\/proizvod\/tds-composite-sealer-095-l\/","title":{"rendered":"TDS Composite Sealer 0,95 l<span class=\"codevz-product-category-after-title\">Teakdecking systems TDS<\/span>"},"content":{"rendered":"","protected":false},"excerpt":{"rendered":"<p><strong>Kompozitni zaptiva\u010d \u0161titi i pobolj\u0161ava bilo koju vrstu kompozitne palube. Zaptiva\u010d &#8230; <\/p>\n","protected":false},"featured_media":10193,"comment_status":"closed","ping_status":"closed","template":"","meta":{"_seopress_robots_primary_cat":"none","_seopress_titles_title":"","_seopress_titles_desc":"","_seopress_robots_index":""},"product_brand":[504],"product_cat":[796],"product_tag":[],"class_list":{"0":"post-10196","1":"product","2":"type-product","3":"status-publish","4":"has-post-thumbnail","6":"product_brand-tds-deck-caulking","7":"product_cat-teakdecking-systems-tds-for-teak-decks","9":"first","10":"instock","11":"taxable","12":"shipping-taxable","13":"purchasable","14":"product-type-simple"},"acf":[],"_links":{"self":[{"href":"https:\/\/yachtcentershop.com\/en\/wp-json\/wp\/v2\/product\/10196","targetHints":{"allow":["GET"]}}],"collection":[{"href":"https:\/\/yachtcentershop.com\/en\/wp-json\/wp\/v2\/product"}],"about":[{"href":"https:\/\/yachtcentershop.com\/en\/wp-json\/wp\/v2\/types\/product"}],"replies":[{"embeddable":true,"href":"https:\/\/yachtcentershop.com\/en\/wp-json\/wp\/v2\/comments?post=10196"}],"wp:featuredmedia":[{"embeddable":true,"href":"https:\/\/yachtcentershop.com\/en\/wp-json\/wp\/v2\/media\/10193"}],"wp:attachment":[{"href":"https:\/\/yachtcentershop.com\/en\/wp-json\/wp\/v2\/media?parent=10196"}],"wp:term":[{"taxonomy":"product_brand","embeddable":true,"href":"https:\/\/yachtcentershop.com\/en\/wp-json\/wp\/v2\/product_brand?post=10196"},{"taxonomy":"product_cat","embeddable":true,"href":"https:\/\/yachtcentershop.com\/en\/wp-json\/wp\/v2\/product_cat?post=10196"},{"taxonomy":"product_tag","embeddable":true,"href":"https:\/\/yachtcentershop.com\/en\/wp-json\/wp\/v2\/product_tag?post=10196"}],"curies":[{"name":"wp","href":"https:\/\/api.w.org\/{rel}","templated":true}]}}