{"id":9398,"date":"2023-06-14T16:12:52","date_gmt":"2023-06-14T14:12:52","guid":{"rendered":"https:\/\/yachtcentershop.com\/proizvod\/7500-sianet-cer\/"},"modified":"2023-06-14T16:12:52","modified_gmt":"2023-06-14T14:12:52","slug":"7500-sianet-cer","status":"publish","type":"product","link":"https:\/\/yachtcentershop.com\/en\/proizvod\/7500-sianet-cer\/","title":{"rendered":"7500 sianet CER<span class=\"codevz-product-category-after-title\">Sia Abrasives<\/span>"},"content":{"rendered":"","protected":false},"excerpt":{"rendered":"<p>sna\u017eni brusni materijal s kerami\u010dkim zrnom mre\u017eicom kao podlogom<br \/>\n<strong>7500 sianet &#8230; <\/p>\n","protected":false},"featured_media":9386,"comment_status":"open","ping_status":"closed","template":"","meta":{"_seopress_robots_primary_cat":"","_seopress_titles_title":"","_seopress_titles_desc":"","_seopress_robots_index":""},"product_brand":[835],"product_cat":[840],"product_tag":[],"class_list":{"0":"post-9398","1":"product","2":"type-product","3":"status-publish","4":"has-post-thumbnail","6":"product_brand-sia-abrasives","7":"product_cat-sia-abrasives-en-2","9":"first","10":"instock","11":"taxable","12":"shipping-taxable","13":"product-type-grouped"},"acf":[],"_links":{"self":[{"href":"https:\/\/yachtcentershop.com\/en\/wp-json\/wp\/v2\/product\/9398","targetHints":{"allow":["GET"]}}],"collection":[{"href":"https:\/\/yachtcentershop.com\/en\/wp-json\/wp\/v2\/product"}],"about":[{"href":"https:\/\/yachtcentershop.com\/en\/wp-json\/wp\/v2\/types\/product"}],"replies":[{"embeddable":true,"href":"https:\/\/yachtcentershop.com\/en\/wp-json\/wp\/v2\/comments?post=9398"}],"wp:featuredmedia":[{"embeddable":true,"href":"https:\/\/yachtcentershop.com\/en\/wp-json\/wp\/v2\/media\/9386"}],"wp:attachment":[{"href":"https:\/\/yachtcentershop.com\/en\/wp-json\/wp\/v2\/media?parent=9398"}],"wp:term":[{"taxonomy":"product_brand","embeddable":true,"href":"https:\/\/yachtcentershop.com\/en\/wp-json\/wp\/v2\/product_brand?post=9398"},{"taxonomy":"product_cat","embeddable":true,"href":"https:\/\/yachtcentershop.com\/en\/wp-json\/wp\/v2\/product_cat?post=9398"},{"taxonomy":"product_tag","embeddable":true,"href":"https:\/\/yachtcentershop.com\/en\/wp-json\/wp\/v2\/product_tag?post=9398"}],"curies":[{"name":"wp","href":"https:\/\/api.w.org\/{rel}","templated":true}]}}